{"id":11,"date":"2016-01-26T21:03:51","date_gmt":"2016-01-26T20:03:51","guid":{"rendered":"http:\/\/4acinq.fr\/?page_id=11"},"modified":"2016-08-16T16:12:41","modified_gmt":"2016-08-16T15:12:41","slug":"la-fabrique","status":"publish","type":"page","link":"https:\/\/4acinq.fr\/index.php\/la-fabrique\/","title":{"rendered":"L&rsquo; atelier"},"content":{"rendered":"<div id=\"pl-11\"  class=\"panel-layout\" ><div id=\"pg-11-0\"  class=\"panel-grid panel-has-style\" ><div class=\"siteorigin-panels-stretch panel-row-style panel-row-style-for-11-0\" data-stretch-type=\"full\" ><div id=\"pgc-11-0-0\"  class=\"panel-grid-cell\" ><div id=\"panel-11-0-0-0\" class=\"so-panel widget widget_black-studio-tinymce widget_black_studio_tinymce panel-first-child panel-last-child\" data-index=\"0\" ><div class=\"textwidget\"><p><span class=\"titre-bandeau\">L'atelier<\/span><\/p>\n<\/div><\/div><\/div><\/div><\/div><div id=\"pg-11-1\"  class=\"panel-grid panel-has-style\" ><div class=\"siteorigin-panels-stretch panel-row-style panel-row-style-for-11-1\" data-stretch-type=\"full\" ><div id=\"pgc-11-1-0\"  class=\"panel-grid-cell\" ><div id=\"panel-11-1-0-0\" class=\"so-panel widget widget_black-studio-tinymce widget_black_studio_tinymce panel-first-child panel-last-child\" data-index=\"1\" ><div class=\"textwidget\"><p style=\"text-align: right;\"><span class=\"\" style=\"display:block;clear:both;height: 0px;padding-top: 450px;background-repeat:repeat;\"><\/span><br \/>\n<a class=\"button primary-button\" href=\"\/index.php\/latelier\/\/\">Visiter l'atelier<\/a><\/p>\n<pre><\/pre>\n<\/div><\/div><\/div><\/div><\/div><div id=\"pg-11-2\"  class=\"panel-grid panel-no-style\" ><div id=\"pgc-11-2-0\"  class=\"panel-grid-cell\" ><div id=\"panel-11-2-0-0\" class=\"so-panel widget widget_black-studio-tinymce widget_black_studio_tinymce panel-first-child panel-last-child\" data-index=\"2\" ><div class=\"textwidget\"><p style=\"text-align: justify;\"><span class=\"texte-accueil\">Pour d\u00e9marrer cette nouvelle activit\u00e9 nous avons cr\u00e9\u00e9 un atelier de fabrication en pleine campagne. Nous tenons \u00e0 remercier la R\u00e9gion Normandie et l'Union Europ\u00e9enne pour leurs soutiens financiers dans le cadre de l'aide FEADER, ainsi qu' \"Initiative Pays de la Baie\" qui soutien les cr\u00e9ations d'entreprises dans le sud Manche.<br \/><\/span><\/p>\n<\/div><\/div><\/div><\/div><\/div>","protected":false},"excerpt":{"rendered":"<p>L&rsquo;atelier Visiter l&rsquo;atelier<\/p>\n","protected":false},"author":1,"featured_media":0,"parent":0,"menu_order":0,"comment_status":"closed","ping_status":"closed","template":"full-width-page.php","meta":{"jetpack_post_was_ever_published":false,"footnotes":""},"class_list":["post-11","page","type-page","status-publish","hentry"],"jetpack_sharing_enabled":true,"jetpack_shortlink":"https:\/\/wp.me\/P7kIbl-b","_links":{"self":[{"href":"https:\/\/4acinq.fr\/index.php\/wp-json\/wp\/v2\/pages\/11","targetHints":{"allow":["GET"]}}],"collection":[{"href":"https:\/\/4acinq.fr\/index.php\/wp-json\/wp\/v2\/pages"}],"about":[{"href":"https:\/\/4acinq.fr\/index.php\/wp-json\/wp\/v2\/types\/page"}],"author":[{"embeddable":true,"href":"https:\/\/4acinq.fr\/index.php\/wp-json\/wp\/v2\/users\/1"}],"replies":[{"embeddable":true,"href":"https:\/\/4acinq.fr\/index.php\/wp-json\/wp\/v2\/comments?post=11"}],"version-history":[{"count":17,"href":"https:\/\/4acinq.fr\/index.php\/wp-json\/wp\/v2\/pages\/11\/revisions"}],"predecessor-version":[{"id":367,"href":"https:\/\/4acinq.fr\/index.php\/wp-json\/wp\/v2\/pages\/11\/revisions\/367"}],"wp:attachment":[{"href":"https:\/\/4acinq.fr\/index.php\/wp-json\/wp\/v2\/media?parent=11"}],"curies":[{"name":"wp","href":"https:\/\/api.w.org\/{rel}","templated":true}]}}