{"id":13,"date":"2016-01-26T21:05:57","date_gmt":"2016-01-26T20:05:57","guid":{"rendered":"http:\/\/4acinq.fr\/?page_id=13"},"modified":"2018-02-09T19:19:10","modified_gmt":"2018-02-09T18:19:10","slug":"les-ingredients","status":"publish","type":"page","link":"https:\/\/4acinq.fr\/index.php\/les-ingredients\/","title":{"rendered":"L&rsquo;origine des ingr\u00e9dients"},"content":{"rendered":"<div id=\"pl-13\"  class=\"panel-layout\" ><div id=\"pg-13-0\"  class=\"panel-grid panel-has-style\" ><div class=\"siteorigin-panels-stretch panel-row-style panel-row-style-for-13-0\" data-stretch-type=\"full\" ><div id=\"pgc-13-0-0\"  class=\"panel-grid-cell\" ><div id=\"panel-13-0-0-0\" class=\"so-panel widget widget_black-studio-tinymce widget_black_studio_tinymce panel-first-child panel-last-child\" data-index=\"0\" ><div class=\"textwidget\"><p><span class=\"titre-bandeau\">L'origine des ingr\u00e9dients<\/span><\/p>\n<\/div><\/div><\/div><\/div><\/div><div id=\"pg-13-1\"  class=\"panel-grid panel-no-style\" ><div id=\"pgc-13-1-0\"  class=\"panel-grid-cell\" ><div id=\"panel-13-1-0-0\" class=\"so-panel widget widget_black-studio-tinymce widget_black_studio_tinymce panel-first-child panel-last-child\" data-index=\"1\" ><div class=\"panel-widget-style panel-widget-style-for-13-1-0-0\" ><div class=\"textwidget\"><p><span class=\"\" style=\"display:block;clear:both;height: 0px;padding-top: 600px;background-repeat:repeat;\"><\/span><\/p>\n<\/div><\/div><\/div><\/div><\/div><div id=\"pg-13-2\"  class=\"panel-grid panel-has-style\" ><div class=\"siteorigin-panels-stretch panel-row-style panel-row-style-for-13-2\" data-stretch-type=\"full\" ><div id=\"pgc-13-2-0\"  class=\"panel-grid-cell\" ><div id=\"panel-13-2-0-0\" class=\"so-panel widget widget_black-studio-tinymce widget_black_studio_tinymce panel-first-child panel-last-child\" data-index=\"2\" ><div class=\"textwidget\"><p style=\"text-align: justify;\">Les jolies petites poules logent \u00e0 Plomb, dans de petits poulaillers qui, d'apr\u00e8s leurs voisins, ressemblent plus \u00e0 des gites de vacances ! Le g\u00eete et le couvert sont fournis par Christine, qui a la chance de recevoir en \u00e9change de beaux \u0153ufs extra-frais ! (Avec lesquels elle confectionne de succulentes p\u00e2tes fra\u00eeches, rappelons le au passage.)<\/p>\n<\/div><\/div><\/div><\/div><\/div><div id=\"pg-13-3\"  class=\"panel-grid panel-no-style\" ><div id=\"pgc-13-3-0\"  class=\"panel-grid-cell\" ><div id=\"panel-13-3-0-0\" class=\"so-panel widget widget_black-studio-tinymce widget_black_studio_tinymce panel-first-child panel-last-child\" data-index=\"3\" ><div class=\"textwidget\"><p style=\"text-align: justify;\">Les bl\u00e9s qui composent la farine sont cultiv\u00e9s par des agriculteurs en Basse-Normandie, et en grande majorit\u00e9 autour du moulin, se situant \u00e0 Br\u00e9cey. Ils sont s\u00e9lectionn\u00e9s et transform\u00e9s en farine par la famille Gouti\u00e8re, sp\u00e9cialiste de la transformation de c\u00e9r\u00e9ales depuis plusieurs g\u00e9n\u00e9rations dans la Manche.<\/p>\n<\/div><\/div><\/div><\/div><div id=\"pg-13-4\"  class=\"panel-grid panel-no-style\" ><div id=\"pgc-13-4-0\"  class=\"panel-grid-cell\" ><div id=\"panel-13-4-0-0\" class=\"so-panel widget widget_black-studio-tinymce widget_black_studio_tinymce panel-first-child panel-last-child\" data-index=\"4\" ><div class=\"textwidget\"><p style=\"text-align: justify;\">Douze agriculteurs situ\u00e9s autour d'Isigny-Sainte-Mer ont d\u00e9cid\u00e9s de s'unir, pour faire transformer leur lait \u00e0 la laiterie d'Isigny en beurre. G\u00e9rant ainsi eux m\u00eame la commercialisation de leurs produits de qualit\u00e9. <\/p>\n<\/div><\/div><\/div><\/div><div id=\"pg-13-5\"  class=\"panel-grid panel-has-style\" ><div class=\"siteorigin-panels-stretch panel-row-style panel-row-style-for-13-5\" data-stretch-type=\"full\" ><div id=\"pgc-13-5-0\"  class=\"panel-grid-cell\" ><div id=\"panel-13-5-0-0\" class=\"so-panel widget widget_black-studio-tinymce widget_black_studio_tinymce panel-first-child panel-last-child\" data-index=\"5\" ><div class=\"textwidget\"><p style=\"text-align: justify;\">Le sucre et le chocolat viennent d\u2019Am\u00e9rique du sud, ils sont labellis\u00e9s agriculture biologique et commerce \u00e9quitable.<\/p>\n<\/div><\/div><\/div><\/div><\/div><\/div>","protected":false},"excerpt":{"rendered":"<p>L&rsquo;origine des ingr\u00e9dients<\/p>\n","protected":false},"author":1,"featured_media":0,"parent":0,"menu_order":0,"comment_status":"closed","ping_status":"closed","template":"full-width-page.php","meta":{"jetpack_post_was_ever_published":false,"footnotes":""},"class_list":["post-13","page","type-page","status-publish","hentry"],"jetpack_sharing_enabled":true,"jetpack_shortlink":"https:\/\/wp.me\/P7kIbl-d","_links":{"self":[{"href":"https:\/\/4acinq.fr\/index.php\/wp-json\/wp\/v2\/pages\/13","targetHints":{"allow":["GET"]}}],"collection":[{"href":"https:\/\/4acinq.fr\/index.php\/wp-json\/wp\/v2\/pages"}],"about":[{"href":"https:\/\/4acinq.fr\/index.php\/wp-json\/wp\/v2\/types\/page"}],"author":[{"embeddable":true,"href":"https:\/\/4acinq.fr\/index.php\/wp-json\/wp\/v2\/users\/1"}],"replies":[{"embeddable":true,"href":"https:\/\/4acinq.fr\/index.php\/wp-json\/wp\/v2\/comments?post=13"}],"version-history":[{"count":23,"href":"https:\/\/4acinq.fr\/index.php\/wp-json\/wp\/v2\/pages\/13\/revisions"}],"predecessor-version":[{"id":498,"href":"https:\/\/4acinq.fr\/index.php\/wp-json\/wp\/v2\/pages\/13\/revisions\/498"}],"wp:attachment":[{"href":"https:\/\/4acinq.fr\/index.php\/wp-json\/wp\/v2\/media?parent=13"}],"curies":[{"name":"wp","href":"https:\/\/api.w.org\/{rel}","templated":true}]}}