{"id":15,"date":"2016-01-26T21:06:57","date_gmt":"2016-01-26T20:06:57","guid":{"rendered":"http:\/\/4acinq.fr\/?page_id=15"},"modified":"2025-05-22T14:01:10","modified_gmt":"2025-05-22T13:01:10","slug":"points-de-vente","status":"publish","type":"page","link":"https:\/\/4acinq.fr\/index.php\/points-de-vente\/","title":{"rendered":"Points de vente"},"content":{"rendered":"<div id=\"pl-15\"  class=\"panel-layout\" ><div id=\"pg-15-0\"  class=\"panel-grid panel-has-style\" ><div class=\"siteorigin-panels-stretch panel-row-style panel-row-style-for-15-0\" data-stretch-type=\"full\" ><div id=\"pgc-15-0-0\"  class=\"panel-grid-cell\" ><div id=\"panel-15-0-0-0\" class=\"so-panel widget widget_black-studio-tinymce widget_black_studio_tinymce panel-first-child panel-last-child\" data-index=\"0\" ><div class=\"textwidget\"><p><span class=\"titre-bandeau\">O\u00f9 nous trouver?<\/span><\/p>\n<\/div><\/div><\/div><\/div><\/div><div id=\"pg-15-1\"  class=\"panel-grid panel-no-style\" ><div id=\"pgc-15-1-0\"  class=\"panel-grid-cell\" ><div id=\"panel-15-1-0-0\" class=\"so-panel widget widget_black-studio-tinymce widget_black_studio_tinymce panel-first-child panel-last-child\" data-index=\"1\" ><div class=\"textwidget\"><p><img loading=\"lazy\" decoding=\"async\" data-recalc-dims=\"1\" class=\"alignnone size-medium wp-image-342\" src=\"https:\/\/i0.wp.com\/4acinq.fr\/wp-content\/uploads\/2016\/01\/biocoop-Avranches.jpg?resize=450%2C255\" alt=\"biocoop Avranches\" width=\"450\" height=\"255\" srcset=\"https:\/\/i0.wp.com\/4acinq.fr\/wp-content\/uploads\/2016\/01\/biocoop-Avranches.jpg?resize=300%2C169&amp;ssl=1 300w, https:\/\/i0.wp.com\/4acinq.fr\/wp-content\/uploads\/2016\/01\/biocoop-Avranches.jpg?zoom=2&amp;resize=450%2C255 900w, https:\/\/i0.wp.com\/4acinq.fr\/wp-content\/uploads\/2016\/01\/biocoop-Avranches.jpg?zoom=3&amp;resize=450%2C255 1350w\" sizes=\"auto, (max-width: 450px) 100vw, 450px\" \/><\/p>\n<\/div><\/div><\/div><div id=\"pgc-15-1-1\"  class=\"panel-grid-cell\" ><div id=\"panel-15-1-1-0\" class=\"so-panel widget widget_black-studio-tinymce widget_black_studio_tinymce panel-first-child panel-last-child\" data-index=\"2\" ><div class=\"textwidget\"><p><img loading=\"lazy\" decoding=\"async\" data-recalc-dims=\"1\" class=\"alignnone size-medium wp-image-343\" src=\"https:\/\/i0.wp.com\/4acinq.fr\/wp-content\/uploads\/2016\/01\/Coop-bio-stMalo.jpg?resize=450%2C255\" alt=\"Coop bio stMalo\" width=\"450\" height=\"255\" srcset=\"https:\/\/i0.wp.com\/4acinq.fr\/wp-content\/uploads\/2016\/01\/Coop-bio-stMalo.jpg?resize=300%2C169&amp;ssl=1 300w, https:\/\/i0.wp.com\/4acinq.fr\/wp-content\/uploads\/2016\/01\/Coop-bio-stMalo.jpg?zoom=2&amp;resize=450%2C255 900w, https:\/\/i0.wp.com\/4acinq.fr\/wp-content\/uploads\/2016\/01\/Coop-bio-stMalo.jpg?zoom=3&amp;resize=450%2C255 1350w\" sizes=\"auto, (max-width: 450px) 100vw, 450px\" \/><\/p>\n<\/div><\/div><\/div><\/div><div id=\"pg-15-2\"  class=\"panel-grid panel-no-style\" ><div id=\"pgc-15-2-0\"  class=\"panel-grid-cell\" ><div id=\"panel-15-2-0-0\" class=\"so-panel widget widget_black-studio-tinymce widget_black_studio_tinymce panel-first-child panel-last-child\" data-index=\"3\" ><div class=\"panel-widget-style panel-widget-style-for-15-2-0-0\" ><div class=\"textwidget\"><h3>A Granville :<\/h3>\n<p>Venez nous rendre visite au march\u00e9 de la Ch\u00e8vrerit, pour un contact direct avec Nicolas et pour retrouver toute la gamme de produits! \u00a0 \u00a0 \u00a0 \u00a0 \u00a0 - <a href=\"http:\/\/www.la-chevre-rit.fr\/\">La ferme de la ch\u00e8vre rit<\/a>, lieu dit \"La Basle\" march\u00e9 le mercredi de 17h \u00e0 19h<\/p>\n<p>\u00a0\u00a0\u00a0\u00a0 - Biocoop \"Biosaveurs\" 788 Avenue de l'Europe<\/p>\n<\/div><\/div><\/div><\/div><div id=\"pgc-15-2-1\"  class=\"panel-grid-cell\" ><div id=\"panel-15-2-1-0\" class=\"so-panel widget widget_black-studio-tinymce widget_black_studio_tinymce panel-first-child panel-last-child\" data-index=\"4\" ><div class=\"panel-widget-style panel-widget-style-for-15-2-1-0\" ><div class=\"textwidget\"><h3>A Saint Pair sur Mer :<\/h3>\n<p>\u00a0\u00a0\u00a0\u00a0 - Le garde manger, 85 route de Granville<\/p>\n<h3>A Donville-les-bains:<\/h3>\n<p>\u00a0\u00a0\u00a0\u00a0 - La d\u00e9panneuse, 110 route de Coutances<\/p>\n<\/div><\/div><\/div><\/div><\/div><div id=\"pg-15-3\"  class=\"panel-grid panel-no-style\" ><div id=\"pgc-15-3-0\"  class=\"panel-grid-cell\" ><div id=\"panel-15-3-0-0\" class=\"so-panel widget widget_black-studio-tinymce widget_black_studio_tinymce panel-first-child panel-last-child\" data-index=\"5\" ><div class=\"panel-widget-style panel-widget-style-for-15-3-0-0\" ><div class=\"textwidget\"><h3>A Avranches :<\/h3>\n<p>\u00a0\u00a0\u00a0\u00a0 - Biocoop,\u00a0 27 place Patton<\/p>\n<\/div><\/div><\/div><\/div><div id=\"pgc-15-3-1\"  class=\"panel-grid-cell\" ><div id=\"panel-15-3-1-0\" class=\"so-panel widget widget_black-studio-tinymce widget_black_studio_tinymce panel-first-child panel-last-child\" data-index=\"6\" ><div class=\"panel-widget-style panel-widget-style-for-15-3-1-0\" ><div class=\"textwidget\"><h3>A Vains :<\/h3>\n<p>D\u00e9couvrez les palets normand, fabriqu\u00e9s \u00e0 partir de beurre Cara-Meuh!<\/p>\n<p>\u00a0\u00a0\u00a0\u00a0 - Cara-Meuh! ,\u00a0 11 route Saint-L\u00e9onard<\/p>\n<\/div><\/div><\/div><\/div><\/div><div id=\"pg-15-4\"  class=\"panel-grid panel-no-style\" ><div id=\"pgc-15-4-0\"  class=\"panel-grid-cell\" ><div id=\"panel-15-4-0-0\" class=\"so-panel widget widget_black-studio-tinymce widget_black_studio_tinymce panel-first-child panel-last-child\" data-index=\"7\" ><div class=\"panel-widget-style panel-widget-style-for-15-4-0-0\" ><div class=\"textwidget\"><h3>A Coutances:<\/h3>\n<p>\u00a0\u00a0\u00a0\u00a0 - Biocoop Biosaveurs, rue de la glaci\u00e8re<\/p>\n<\/div><\/div><\/div><\/div><div id=\"pgc-15-4-1\"  class=\"panel-grid-cell\" ><div id=\"panel-15-4-1-0\" class=\"so-panel widget widget_black-studio-tinymce widget_black_studio_tinymce panel-first-child panel-last-child\" data-index=\"8\" ><div class=\"panel-widget-style panel-widget-style-for-15-4-1-0\" ><div class=\"textwidget\"><h3>A Saint L\u00f4 :<\/h3>\n<p>\u00a0\u00a0\u00a0\u00a0 - Biocoop Saint L\u00f4, 253 boulevard de Strasbourg<\/p>\n<\/div><\/div><\/div><\/div><\/div><div id=\"pg-15-5\"  class=\"panel-grid panel-no-style\" ><div id=\"pgc-15-5-0\"  class=\"panel-grid-cell\" ><div id=\"panel-15-5-0-0\" class=\"so-panel widget widget_black-studio-tinymce widget_black_studio_tinymce panel-first-child panel-last-child\" data-index=\"9\" ><div class=\"textwidget\"><h3>A Vire :<\/h3>\n<p>\u00a0\u00a0\u00a0\u00a0 - Biocoop du bocage, avenue de Bischwiller<\/p>\n<\/div><\/div><\/div><div id=\"pgc-15-5-1\"  class=\"panel-grid-cell\" ><div id=\"panel-15-5-1-0\" class=\"so-panel widget widget_black-studio-tinymce widget_black_studio_tinymce panel-first-child panel-last-child\" data-index=\"10\" ><div class=\"textwidget\"><h3>A Saint-Malo :<\/h3>\n<p>\u00a0\u00a0\u00a0\u00a0 - Les diff\u00e9rentes Coop bio<\/p>\n<p>\u00a0\u00a0\u00a0\u00a0 - Biocoop de Saint Malo, 44 rue Patton<\/p>\n<\/div><\/div><\/div><\/div><div id=\"pg-15-6\"  class=\"panel-grid panel-no-style\" ><div id=\"pgc-15-6-0\"  class=\"panel-grid-cell\" ><div id=\"panel-15-6-0-0\" class=\"so-panel widget widget_black-studio-tinymce widget_black_studio_tinymce panel-first-child panel-last-child\" data-index=\"11\" ><div class=\"textwidget\"><h3>A Dinan :<\/h3>\n<p>\u00a0\u00a0\u00a0\u00a0 - Coop bio,\u00a0 PA Cap Rance ouest, Taden<\/p>\n<p>\u00a0<\/p>\n<\/div><\/div><\/div><div id=\"pgc-15-6-1\"  class=\"panel-grid-cell\" ><div id=\"panel-15-6-1-0\" class=\"so-panel widget widget_black-studio-tinymce widget_black_studio_tinymce panel-first-child panel-last-child\" data-index=\"12\" ><div class=\"textwidget\"><h3>A Dol de Bretagne :<\/h3>\n<p>\u00a0\u00a0\u00a0\u00a0 - Biocoop le chat biott\u00e9, 33 rue des Ponts<\/p>\n<\/div><\/div><\/div><\/div><\/div>","protected":false},"excerpt":{"rendered":"<p>O\u00f9 nous trouver?<\/p>\n","protected":false},"author":1,"featured_media":0,"parent":0,"menu_order":0,"comment_status":"closed","ping_status":"closed","template":"full-width-page.php","meta":{"jetpack_post_was_ever_published":false,"footnotes":""},"class_list":["post-15","page","type-page","status-publish","hentry"],"jetpack_sharing_enabled":true,"jetpack_shortlink":"https:\/\/wp.me\/P7kIbl-f","_links":{"self":[{"href":"https:\/\/4acinq.fr\/index.php\/wp-json\/wp\/v2\/pages\/15","targetHints":{"allow":["GET"]}}],"collection":[{"href":"https:\/\/4acinq.fr\/index.php\/wp-json\/wp\/v2\/pages"}],"about":[{"href":"https:\/\/4acinq.fr\/index.php\/wp-json\/wp\/v2\/types\/page"}],"author":[{"embeddable":true,"href":"https:\/\/4acinq.fr\/index.php\/wp-json\/wp\/v2\/users\/1"}],"replies":[{"embeddable":true,"href":"https:\/\/4acinq.fr\/index.php\/wp-json\/wp\/v2\/comments?post=15"}],"version-history":[{"count":43,"href":"https:\/\/4acinq.fr\/index.php\/wp-json\/wp\/v2\/pages\/15\/revisions"}],"predecessor-version":[{"id":949,"href":"https:\/\/4acinq.fr\/index.php\/wp-json\/wp\/v2\/pages\/15\/revisions\/949"}],"wp:attachment":[{"href":"https:\/\/4acinq.fr\/index.php\/wp-json\/wp\/v2\/media?parent=15"}],"curies":[{"name":"wp","href":"https:\/\/api.w.org\/{rel}","templated":true}]}}