{"id":286,"date":"2016-04-08T21:11:20","date_gmt":"2016-04-08T20:11:20","guid":{"rendered":"http:\/\/4acinq.fr\/?page_id=286"},"modified":"2016-04-09T22:08:42","modified_gmt":"2016-04-09T21:08:42","slug":"les-biscuits","status":"publish","type":"page","link":"https:\/\/4acinq.fr\/index.php\/les-biscuits\/","title":{"rendered":"Les biscuits"},"content":{"rendered":"<div id=\"pl-286\"  class=\"panel-layout\" ><div id=\"pg-286-0\"  class=\"panel-grid panel-has-style\" ><div class=\"siteorigin-panels-stretch panel-row-style panel-row-style-for-286-0\" data-stretch-type=\"full\" ><div id=\"pgc-286-0-0\"  class=\"panel-grid-cell\" ><div id=\"panel-286-0-0-0\" class=\"so-panel widget widget_black-studio-tinymce widget_black_studio_tinymce panel-first-child panel-last-child\" data-index=\"0\" ><div class=\"textwidget\"><p><span class=\"titre-bandeau\">Les biscuits<\/span><\/p>\n<\/div><\/div><\/div><\/div><\/div><div id=\"pg-286-1\"  class=\"panel-grid panel-no-style\" ><div id=\"pgc-286-1-0\"  class=\"panel-grid-cell\" ><div id=\"panel-286-1-0-0\" class=\"so-panel widget widget_black-studio-tinymce widget_black_studio_tinymce panel-first-child panel-last-child\" data-index=\"1\" ><div class=\"textwidget\"><p style=\"text-align: justify;\"><span class=\"texte-accueil\">Il y en a pour tous les <strong>go\u00fbts<\/strong> avec notre gamme de biscuits, du plus authentique, aux plus chocolat\u00e9s en passant par les fruit\u00e9s. Tout le monde trouvera son bonheur.<\/span><\/p>\n<p style=\"text-align: justify;\"><span class=\"texte-accueil\">Pas de grosse chaine de fabrication chez nous, nous produisons en petite quantit\u00e9 pour que les biscuits arrivent le plus <strong>frais<\/strong> possible chez vous. <\/span><\/p>\n<\/div><\/div><\/div><\/div><div id=\"pg-286-2\"  class=\"panel-grid panel-has-style\" ><div class=\"panel-row-style panel-row-style-for-286-2\" ><div id=\"pgc-286-2-0\"  class=\"panel-grid-cell\" ><div id=\"panel-286-2-0-0\" class=\"so-panel widget widget_black-studio-tinymce widget_black_studio_tinymce panel-first-child panel-last-child\" data-index=\"2\" ><div class=\"textwidget\"><p><span class=\"\" style=\"display:block;clear:both;height: 0px;padding-top: 600px;background-repeat:repeat;\"><\/span><\/p>\n<\/div><\/div><\/div><\/div><\/div><div id=\"pg-286-3\"  class=\"panel-grid panel-no-style\" ><div id=\"pgc-286-3-0\"  class=\"panel-grid-cell\" ><div id=\"panel-286-3-0-0\" class=\"so-panel widget widget_black-studio-tinymce widget_black_studio_tinymce panel-first-child panel-last-child\" data-index=\"3\" ><div class=\"panel-widget-style panel-widget-style-for-286-3-0-0\" ><div class=\"textwidget\"><p style=\"text-align: center;\"><span class=\"\" style=\"display:block;clear:both;height: 0px;padding-top: 158px;background-repeat:repeat;\"><\/span><\/p>\n<p style=\"text-align: center;\"><a class=\"button primary-button\" href=\"\/index.php\/les-ingredients\/\">D'o\u00f9 viennent les ingr\u00e9dients<\/a><\/p>\n<\/div><\/div><\/div><\/div><div id=\"pgc-286-3-1\"  class=\"panel-grid-cell\" ><div id=\"panel-286-3-1-0\" class=\"so-panel widget widget_black-studio-tinymce widget_black_studio_tinymce panel-first-child panel-last-child\" data-index=\"4\" ><div class=\"panel-widget-style panel-widget-style-for-286-3-1-0\" ><div class=\"textwidget\"><p style=\"text-align: center;\"><span class=\"\" style=\"display:block;clear:both;height: 0px;padding-top: 150px;background-repeat:repeat;\"><\/span><br \/> <a class=\"button primary-button\" href=\"\/index.php\/la-fabrique\/\">Visiter l'atelier<\/a><\/p>\n<\/div><\/div><\/div><\/div><div id=\"pgc-286-3-2\"  class=\"panel-grid-cell\" ><div id=\"panel-286-3-2-0\" class=\"so-panel widget widget_black-studio-tinymce widget_black_studio_tinymce panel-first-child panel-last-child\" data-index=\"5\" ><div class=\"panel-widget-style panel-widget-style-for-286-3-2-0\" ><div class=\"textwidget\"><p style=\"text-align: center;\"><span class=\"\" style=\"display:block;clear:both;height: 0px;padding-top: 150px;background-repeat:repeat;\"><\/span><br \/>\n<a class=\"button primary-button\" href=\"\/index.php\/les-ingredients-2\/\">Les ingr\u00e9dients biscuit par biscuit<\/a><\/p>\n<\/div><\/div><\/div><\/div><\/div><div id=\"pg-286-4\"  class=\"panel-grid panel-no-style\" ><div id=\"pgc-286-4-0\"  class=\"panel-grid-cell panel-grid-cell-empty\" ><\/div><\/div><\/div>","protected":false},"excerpt":{"rendered":"<p>Les biscuits Il y en a pour tous les go\u00fbts avec notre gamme de biscuits, du plus authentique, aux plus chocolat\u00e9s en passant par les fruit\u00e9s. Tout le monde trouvera son bonheur. Pas de grosse chaine de fabrication chez nous, nous produisons en petite quantit\u00e9 pour que les biscuits arrivent le plus frais possible chez <a class=\"moretag\" href=\"https:\/\/4acinq.fr\/index.php\/les-biscuits\/\">Read More &#8230;<\/a><\/p>\n","protected":false},"author":1,"featured_media":0,"parent":0,"menu_order":0,"comment_status":"closed","ping_status":"closed","template":"full-width-page.php","meta":{"jetpack_post_was_ever_published":false,"footnotes":""},"class_list":["post-286","page","type-page","status-publish","hentry"],"jetpack_sharing_enabled":true,"jetpack_shortlink":"https:\/\/wp.me\/P7kIbl-4C","_links":{"self":[{"href":"https:\/\/4acinq.fr\/index.php\/wp-json\/wp\/v2\/pages\/286","targetHints":{"allow":["GET"]}}],"collection":[{"href":"https:\/\/4acinq.fr\/index.php\/wp-json\/wp\/v2\/pages"}],"about":[{"href":"https:\/\/4acinq.fr\/index.php\/wp-json\/wp\/v2\/types\/page"}],"author":[{"embeddable":true,"href":"https:\/\/4acinq.fr\/index.php\/wp-json\/wp\/v2\/users\/1"}],"replies":[{"embeddable":true,"href":"https:\/\/4acinq.fr\/index.php\/wp-json\/wp\/v2\/comments?post=286"}],"version-history":[{"count":12,"href":"https:\/\/4acinq.fr\/index.php\/wp-json\/wp\/v2\/pages\/286\/revisions"}],"predecessor-version":[{"id":307,"href":"https:\/\/4acinq.fr\/index.php\/wp-json\/wp\/v2\/pages\/286\/revisions\/307"}],"wp:attachment":[{"href":"https:\/\/4acinq.fr\/index.php\/wp-json\/wp\/v2\/media?parent=286"}],"curies":[{"name":"wp","href":"https:\/\/api.w.org\/{rel}","templated":true}]}}