{"id":289,"date":"2016-04-08T21:16:16","date_gmt":"2016-04-08T20:16:16","guid":{"rendered":"http:\/\/4acinq.fr\/?page_id=289"},"modified":"2025-10-10T10:34:24","modified_gmt":"2025-10-10T09:34:24","slug":"les-ingredients-2","status":"publish","type":"page","link":"https:\/\/4acinq.fr\/index.php\/les-ingredients-2\/","title":{"rendered":"Les ingr\u00e9dients"},"content":{"rendered":"<div id=\"pl-289\"  class=\"panel-layout\" ><div id=\"pg-289-0\"  class=\"panel-grid panel-has-style\" ><div class=\"siteorigin-panels-stretch panel-row-style panel-row-style-for-289-0\" data-stretch-type=\"full\" ><div id=\"pgc-289-0-0\"  class=\"panel-grid-cell\" ><div id=\"panel-289-0-0-0\" class=\"so-panel widget widget_black-studio-tinymce widget_black_studio_tinymce panel-first-child panel-last-child\" data-index=\"0\" ><div class=\"textwidget\"><p><span class=\"titre-bandeau\">Les ingr\u00e9dients<\/span><\/p>\n<\/div><\/div><\/div><\/div><\/div><div id=\"pg-289-1\"  class=\"panel-grid panel-no-style\" ><div id=\"pgc-289-1-0\"  class=\"panel-grid-cell\" ><div id=\"panel-289-1-0-0\" class=\"so-panel widget widget_black-studio-tinymce widget_black_studio_tinymce panel-first-child panel-last-child\" data-index=\"1\" ><div class=\"textwidget\"><p><a href=\"https:\/\/i0.wp.com\/4acinq.fr\/wp-content\/uploads\/2016\/04\/Galette-Normande.jpg\"><img loading=\"lazy\" decoding=\"async\" data-recalc-dims=\"1\" class=\"alignnone wp-image-596 size-medium\" src=\"https:\/\/i0.wp.com\/4acinq.fr\/wp-content\/uploads\/2016\/04\/Galette-Normande.jpg?resize=300%2C188\" alt=\"\" width=\"300\" height=\"188\" \/><\/a><\/p>\n<\/div><\/div><\/div><div id=\"pgc-289-1-1\"  class=\"panel-grid-cell\" ><div id=\"panel-289-1-1-0\" class=\"so-panel widget widget_black-studio-tinymce widget_black_studio_tinymce panel-first-child panel-last-child\" data-index=\"2\" ><div class=\"textwidget\"><p><span style=\"text-decoration: underline;\"><span class=\"texte-accueil\">Galette Normande :<\/span><\/span><br \/> <span class=\"texte-accueil\">farine de<strong> bl\u00e9<\/strong>*, <strong>beurre<\/strong>*, sucre blond*, <strong>\u0153uf<\/strong>*, sel, bicarbonate de soude.<\/span><\/p>\n<\/div><\/div><\/div><\/div><div id=\"pg-289-2\"  class=\"panel-grid panel-no-style\" ><div id=\"pgc-289-2-0\"  class=\"panel-grid-cell\" ><div id=\"panel-289-2-0-0\" class=\"so-panel widget widget_black-studio-tinymce widget_black_studio_tinymce panel-first-child panel-last-child\" data-index=\"3\" ><div class=\"textwidget\"><p><a href=\"https:\/\/i0.wp.com\/4acinq.fr\/wp-content\/uploads\/2016\/04\/napp%C3%A9-e1665137963192.jpeg\"><img loading=\"lazy\" decoding=\"async\" data-recalc-dims=\"1\" class=\"alignnone wp-image-765 size-medium\" src=\"https:\/\/i0.wp.com\/4acinq.fr\/wp-content\/uploads\/2016\/04\/napp%C3%A9.jpeg?resize=300%2C188\" alt=\"\" width=\"300\" height=\"188\" \/><\/a><\/p>\n<\/div><\/div><\/div><div id=\"pgc-289-2-1\"  class=\"panel-grid-cell\" ><div id=\"panel-289-2-1-0\" class=\"so-panel widget widget_black-studio-tinymce widget_black_studio_tinymce panel-first-child panel-last-child\" data-index=\"4\" ><div class=\"textwidget\"><p><span style=\"text-decoration: underline;\"><span class=\"texte-accueil\">Sabl\u00e9 napp\u00e9 de chocolat au lait :<\/span><\/span><br \/> <span class=\"texte-accueil\">Chocolat au lait* 34% cacao min. (sucre de canne*, beurre de cacao*, <strong>lait entier <\/strong>en poudre*,p\u00e2te de cacao*, l\u00e9cithines de tournesol*, extrait de vanille*)farine de<strong> bl\u00e9<\/strong>*, <strong>beurre*<\/strong>, sucre blond*, <strong>\u0153uf*<\/strong>, sel, bicarbonate de soude.<\/span><\/p>\n<\/div><\/div><\/div><\/div><div id=\"pg-289-3\"  class=\"panel-grid panel-no-style\" ><div id=\"pgc-289-3-0\"  class=\"panel-grid-cell\" ><div id=\"panel-289-3-0-0\" class=\"so-panel widget widget_black-studio-tinymce widget_black_studio_tinymce panel-first-child panel-last-child\" data-index=\"5\" ><div class=\"textwidget\"><p><img loading=\"lazy\" decoding=\"async\" data-recalc-dims=\"1\" class=\"alignnone size-medium wp-image-332\" src=\"https:\/\/i0.wp.com\/4acinq.fr\/wp-content\/uploads\/2016\/04\/Choco-%C3%A9quitable-2.jpg?resize=300%2C188\" alt=\"Choco-\u00e9quitable 2\" width=\"300\" height=\"188\" \/><\/p>\n<\/div><\/div><\/div><div id=\"pgc-289-3-1\"  class=\"panel-grid-cell\" ><div id=\"panel-289-3-1-0\" class=\"so-panel widget widget_black-studio-tinymce widget_black_studio_tinymce panel-first-child panel-last-child\" data-index=\"6\" ><div class=\"textwidget\"><p><span style=\"text-decoration: underline;\"><span class=\"texte-accueil\">Choco-\u00e9quitable :<\/span><\/span><br \/> <span class=\"texte-accueil\">Chocolat au lait* 34% cacao min. (sucre de canne*, beurre de cacao*,<strong> lait entier <\/strong>en poudre*, p\u00e2te de cacao*, l\u00e9cithines de tourneol*, extrait de vanille*)farine de<strong> bl\u00e9<\/strong>*, <strong>beurre*<\/strong>, sucre blond*, <strong>\u0153uf*<\/strong>, <strong>noisette<\/strong>* sel, bicarbonate de soude.<\/span><\/p>\n<\/div><\/div><\/div><\/div><div id=\"pg-289-4\"  class=\"panel-grid panel-no-style\" ><div id=\"pgc-289-4-0\"  class=\"panel-grid-cell\" ><div id=\"panel-289-4-0-0\" class=\"so-panel widget widget_black-studio-tinymce widget_black_studio_tinymce panel-first-child panel-last-child\" data-index=\"7\" ><div class=\"textwidget\"><p><img loading=\"lazy\" decoding=\"async\" data-recalc-dims=\"1\" class=\"alignnone size-medium wp-image-333\" src=\"https:\/\/i0.wp.com\/4acinq.fr\/wp-content\/uploads\/2016\/04\/Cookies.jpg?resize=300%2C188\" alt=\"Cookies\" width=\"300\" height=\"188\" srcset=\"https:\/\/i0.wp.com\/4acinq.fr\/wp-content\/uploads\/2016\/04\/Cookies.jpg?w=1000&amp;ssl=1 1000w, https:\/\/i0.wp.com\/4acinq.fr\/wp-content\/uploads\/2016\/04\/Cookies.jpg?resize=300%2C188&amp;ssl=1 300w, https:\/\/i0.wp.com\/4acinq.fr\/wp-content\/uploads\/2016\/04\/Cookies.jpg?resize=768%2C482&amp;ssl=1 768w\" sizes=\"auto, (max-width: 300px) 100vw, 300px\" \/><\/p>\n<\/div><\/div><\/div><div id=\"pgc-289-4-1\"  class=\"panel-grid-cell\" ><div id=\"panel-289-4-1-0\" class=\"so-panel widget widget_black-studio-tinymce widget_black_studio_tinymce panel-first-child panel-last-child\" data-index=\"8\" ><div class=\"textwidget\"><p><span style=\"text-decoration: underline;\"><span class=\"texte-accueil\">Cookies :<\/span><\/span><br \/> <span class=\"texte-accueil\">farine de<strong> bl\u00e9<\/strong>*,\u00a0 p\u00e9pite de chocolat*60% cacao min(p\u00e2te de cacao*, sucre de canne*, beurre de cacao*, extrait de vanille*), <strong>beurre*<\/strong>, sucre blond*, <strong>noisette*<\/strong>, <strong>\u0153uf<\/strong>*, sel, bicarbonate de soude.<\/span><\/p>\n<\/div><\/div><\/div><\/div><div id=\"pg-289-5\"  class=\"panel-grid panel-no-style\" ><div id=\"pgc-289-5-0\"  class=\"panel-grid-cell\" ><div id=\"panel-289-5-0-0\" class=\"so-panel widget widget_black-studio-tinymce widget_black_studio_tinymce panel-first-child panel-last-child\" data-index=\"9\" ><div class=\"textwidget\"><p><a href=\"https:\/\/i0.wp.com\/4acinq.fr\/wp-content\/uploads\/2016\/04\/palmier.jpg\" rel=\"attachment wp-att-597\"><img loading=\"lazy\" decoding=\"async\" data-recalc-dims=\"1\" class=\"alignnone size-medium wp-image-597\" src=\"https:\/\/i0.wp.com\/4acinq.fr\/wp-content\/uploads\/2016\/04\/palmier.jpg?resize=300%2C188\" alt=\"palmier\" width=\"300\" height=\"188\" \/><\/a><\/p>\n<\/div><\/div><\/div><div id=\"pgc-289-5-1\"  class=\"panel-grid-cell\" ><div id=\"panel-289-5-1-0\" class=\"so-panel widget widget_black-studio-tinymce widget_black_studio_tinymce panel-first-child panel-last-child\" data-index=\"10\" ><div class=\"textwidget\"><p><span style=\"text-decoration: underline;\"><span class=\"texte-accueil\">Palmier:<\/span><\/span><br \/> <span class=\"texte-accueil\">Farine de <strong>bl\u00e9<\/strong>*, <strong>beurre<\/strong>*, sucre blond*, eau, sel<\/span><span class=\"texte-accueil\">.<\/span><\/p>\n<\/div><\/div><\/div><\/div><div id=\"pg-289-6\"  class=\"panel-grid panel-no-style\" ><div id=\"pgc-289-6-0\"  class=\"panel-grid-cell\" ><div id=\"panel-289-6-0-0\" class=\"so-panel widget widget_black-studio-tinymce widget_black_studio_tinymce panel-first-child panel-last-child\" data-index=\"11\" ><div class=\"textwidget\"><p class=\"alignnone\"><a href=\"https:\/\/i0.wp.com\/4acinq.fr\/wp-content\/uploads\/2016\/04\/polygone.jpeg\" rel=\"attachment wp-att-733\"><img loading=\"lazy\" decoding=\"async\" data-recalc-dims=\"1\" class=\"alignnone wp-image-822 size-medium\" src=\"https:\/\/i0.wp.com\/4acinq.fr\/wp-content\/uploads\/2016\/04\/polygone.jpeg?resize=300%2C188\" alt=\"\" width=\"300\" height=\"188\" \/><\/a><\/p>\n<\/div><\/div><\/div><div id=\"pgc-289-6-1\"  class=\"panel-grid-cell\" ><div id=\"panel-289-6-1-0\" class=\"so-panel widget widget_black-studio-tinymce widget_black_studio_tinymce panel-first-child panel-last-child\" data-index=\"12\" ><div class=\"textwidget\"><p><span style=\"text-decoration: underline;\"><span class=\"texte-accueil\">Polygone :<\/span><\/span><span class=\"texte-accueil\"><br \/>farine de <strong>bl\u00e9<\/strong>*, <strong>beurre<\/strong>*, raisin sec*, graine de tournesol*, graine de sarrasin*, sucre blond*, <strong>\u0153uf<\/strong>*, sel de Gu\u00e9rande, bicarbonate de soude.<br \/><\/span><\/p>\n<\/div><\/div><\/div><\/div><div id=\"pg-289-7\"  class=\"panel-grid panel-no-style\" ><div id=\"pgc-289-7-0\"  class=\"panel-grid-cell\" ><div id=\"panel-289-7-0-0\" class=\"so-panel widget widget_black-studio-tinymce widget_black_studio_tinymce panel-first-child panel-last-child\" data-index=\"13\" ><div class=\"textwidget\"><p class=\"alignnone\"><a href=\"https:\/\/i0.wp.com\/4acinq.fr\/wp-content\/uploads\/2016\/04\/cookcoco.jpeg\" rel=\"attachment wp-att-733\"><img loading=\"lazy\" decoding=\"async\" data-recalc-dims=\"1\" class=\"alignnone wp-image-823 size-medium\" src=\"https:\/\/i0.wp.com\/4acinq.fr\/wp-content\/uploads\/2016\/04\/cookcoco.jpeg?resize=300%2C188\" alt=\"\" width=\"300\" height=\"188\" \/><\/a><\/p>\n<\/div><\/div><\/div><div id=\"pgc-289-7-1\"  class=\"panel-grid-cell\" ><div id=\"panel-289-7-1-0\" class=\"so-panel widget widget_black-studio-tinymce widget_black_studio_tinymce panel-first-child panel-last-child\" data-index=\"14\" ><div class=\"textwidget\"><p><span style=\"text-decoration: underline;\"><span class=\"texte-accueil\">Cookie coco :<\/span><\/span><span class=\"texte-accueil\"><br \/>farine de <strong>bl\u00e9<\/strong>*, noix de coco r\u00e2p\u00e9e*, <strong>beurre<\/strong>*, p\u00e9pite de chocolat*(masse de cacao*, beurre de cacao*, sucre de canne*), sucre blond*, <strong>\u0153uf<\/strong>*, sel de Gu\u00e9rande, bicarbonate de soude.<br \/><\/span><\/p>\n<\/div><\/div><\/div><\/div><div id=\"pg-289-8\"  class=\"panel-grid panel-no-style\" ><div id=\"pgc-289-8-0\"  class=\"panel-grid-cell\" ><div id=\"panel-289-8-0-0\" class=\"so-panel widget widget_black-studio-tinymce widget_black_studio_tinymce panel-first-child panel-last-child\" data-index=\"15\" ><div class=\"textwidget\"><p><a href=\"https:\/\/i0.wp.com\/4acinq.fr\/wp-content\/uploads\/2016\/04\/Amande-T.jpg\"><img loading=\"lazy\" decoding=\"async\" data-recalc-dims=\"1\" class=\"alignnone wp-image-598 size-medium\" src=\"https:\/\/i0.wp.com\/4acinq.fr\/wp-content\/uploads\/2016\/04\/Amande-T.jpg?resize=300%2C188\" alt=\"\" width=\"300\" height=\"188\" \/><\/a><\/p>\n<\/div><\/div><\/div><div id=\"pgc-289-8-1\"  class=\"panel-grid-cell\" ><div id=\"panel-289-8-1-0\" class=\"so-panel widget widget_black-studio-tinymce widget_black_studio_tinymce panel-first-child panel-last-child\" data-index=\"16\" ><div class=\"textwidget\"><p><span style=\"text-decoration: underline;\"><span class=\"texte-accueil\">Sabl\u00e9 amande tournesol :<\/span><\/span><br \/> <strong>amande<\/strong>*(27%), <span class=\"texte-accueil\">farine de<strong> bl\u00e9<\/strong>*, tournesol*(18%),\u00a0<\/span><span class=\"texte-accueil\">\u00a0<\/span><span class=\"texte-accueil\"><strong>beurre*,<\/strong><\/span> <span class=\"texte-accueil\">sucre blond*, <strong>\u0153uf<\/strong>*,<\/span><span class=\"texte-accueil\"> sel, bicarbonate de soude.<\/span><\/p>\n<\/div><\/div><\/div><\/div><div id=\"pg-289-9\"  class=\"panel-grid panel-no-style\" ><div id=\"pgc-289-9-0\"  class=\"panel-grid-cell\" ><div id=\"panel-289-9-0-0\" class=\"so-panel widget widget_black-studio-tinymce widget_black_studio_tinymce panel-first-child panel-last-child\" data-index=\"17\" ><div class=\"textwidget\"><p><a href=\"https:\/\/i0.wp.com\/4acinq.fr\/wp-content\/uploads\/2016\/04\/Rocher-coco.jpg\"><img loading=\"lazy\" decoding=\"async\" data-recalc-dims=\"1\" class=\"alignnone wp-image-335 size-medium\" src=\"https:\/\/i0.wp.com\/4acinq.fr\/wp-content\/uploads\/2016\/04\/Rocher-coco.jpg?resize=300%2C188\" alt=\"\" width=\"300\" height=\"188\" srcset=\"https:\/\/i0.wp.com\/4acinq.fr\/wp-content\/uploads\/2016\/04\/Rocher-coco.jpg?w=1000&amp;ssl=1 1000w, https:\/\/i0.wp.com\/4acinq.fr\/wp-content\/uploads\/2016\/04\/Rocher-coco.jpg?resize=300%2C188&amp;ssl=1 300w, https:\/\/i0.wp.com\/4acinq.fr\/wp-content\/uploads\/2016\/04\/Rocher-coco.jpg?resize=768%2C482&amp;ssl=1 768w\" sizes=\"auto, (max-width: 300px) 100vw, 300px\" \/><\/a><\/p>\n<\/div><\/div><\/div><div id=\"pgc-289-9-1\"  class=\"panel-grid-cell\" ><div id=\"panel-289-9-1-0\" class=\"so-panel widget widget_black-studio-tinymce widget_black_studio_tinymce panel-first-child panel-last-child\" data-index=\"18\" ><div class=\"textwidget\"><p><span class=\"texte-accueil\">Rocher coco :<br \/>\u00a0Noix de coco r\u00e2p\u00e9e*, sucre blond*, blanc d\u2019<strong>\u0153uf<\/strong>*.<\/span><\/p>\n<\/div><\/div><\/div><\/div><div id=\"pg-289-10\"  class=\"panel-grid panel-no-style\" ><div id=\"pgc-289-10-0\"  class=\"panel-grid-cell\" ><div id=\"panel-289-10-0-0\" class=\"so-panel widget widget_black-studio-tinymce widget_black_studio_tinymce panel-first-child panel-last-child\" data-index=\"19\" ><div class=\"textwidget\"><p><a href=\"https:\/\/i0.wp.com\/4acinq.fr\/wp-content\/uploads\/2016\/04\/meringue.jpeg\"><img loading=\"lazy\" decoding=\"async\" data-recalc-dims=\"1\" class=\"alignnone wp-image-824 size-medium\" src=\"https:\/\/i0.wp.com\/4acinq.fr\/wp-content\/uploads\/2016\/04\/meringue.jpeg?resize=300%2C188\" alt=\"\" width=\"300\" height=\"188\" \/><\/a><\/p>\n<\/div><\/div><\/div><div id=\"pgc-289-10-1\"  class=\"panel-grid-cell\" ><div id=\"panel-289-10-1-0\" class=\"so-panel widget widget_black-studio-tinymce widget_black_studio_tinymce panel-first-child panel-last-child\" data-index=\"20\" ><div class=\"textwidget\"><p><span class=\"texte-accueil\">Meringue :<br \/>Sucre blond*, blanc d'<strong>\u0153uf<\/strong>*.<br \/><\/span><\/p>\n<\/div><\/div><\/div><\/div><div id=\"pg-289-11\"  class=\"panel-grid panel-no-style\" ><div id=\"pgc-289-11-0\"  class=\"panel-grid-cell\" ><div id=\"panel-289-11-0-0\" class=\"so-panel widget widget_black-studio-tinymce widget_black_studio_tinymce panel-first-child panel-last-child\" data-index=\"21\" ><div class=\"textwidget\"><p><img loading=\"lazy\" decoding=\"async\" data-recalc-dims=\"1\" src=\"https:\/\/i0.wp.com\/4acinq.fr\/wp-content\/uploads\/2016\/01\/biologique.jpg?resize=300%2C200\" alt=\"biologique\" width=\"300\" height=\"200\" class=\"alignnone size-medium wp-image-136\" srcset=\"https:\/\/i0.wp.com\/4acinq.fr\/wp-content\/uploads\/2016\/01\/biologique.jpg?w=300&amp;ssl=1 300w, https:\/\/i0.wp.com\/4acinq.fr\/wp-content\/uploads\/2016\/01\/biologique.jpg?resize=272%2C182&amp;ssl=1 272w\" sizes=\"auto, (max-width: 300px) 100vw, 300px\" \/><\/p>\n<\/div><\/div><\/div><div id=\"pgc-289-11-1\"  class=\"panel-grid-cell\" ><div id=\"panel-289-11-1-0\" class=\"so-panel widget widget_black-studio-tinymce widget_black_studio_tinymce panel-first-child panel-last-child\" data-index=\"22\" ><div class=\"textwidget\"><p><span class=\"texte-accueil\">*100% des ingr\u00e9dients agricoles sont issus de l'agriculture biologique<\/span><\/p>\n<p>Pr\u00e9sence d'<strong>allerg\u00e8nes<\/strong>, fabriqu\u00e9 dans un atelier utilisant des fruits \u00e0 coque, bl\u00e9, oeuf, laitage.<\/p>\n<\/div><\/div><\/div><\/div><\/div>","protected":false},"excerpt":{"rendered":"<p>Les ingr\u00e9dients Galette Normande : farine de bl\u00e9*, beurre*, sucre blond*, \u0153uf*, sel, bicarbonate de soude.<\/p>\n","protected":false},"author":1,"featured_media":0,"parent":0,"menu_order":0,"comment_status":"closed","ping_status":"closed","template":"full-width-page.php","meta":{"jetpack_post_was_ever_published":false,"footnotes":""},"class_list":["post-289","page","type-page","status-publish","hentry"],"jetpack_sharing_enabled":true,"jetpack_shortlink":"https:\/\/wp.me\/P7kIbl-4F","_links":{"self":[{"href":"https:\/\/4acinq.fr\/index.php\/wp-json\/wp\/v2\/pages\/289","targetHints":{"allow":["GET"]}}],"collection":[{"href":"https:\/\/4acinq.fr\/index.php\/wp-json\/wp\/v2\/pages"}],"about":[{"href":"https:\/\/4acinq.fr\/index.php\/wp-json\/wp\/v2\/types\/page"}],"author":[{"embeddable":true,"href":"https:\/\/4acinq.fr\/index.php\/wp-json\/wp\/v2\/users\/1"}],"replies":[{"embeddable":true,"href":"https:\/\/4acinq.fr\/index.php\/wp-json\/wp\/v2\/comments?post=289"}],"version-history":[{"count":28,"href":"https:\/\/4acinq.fr\/index.php\/wp-json\/wp\/v2\/pages\/289\/revisions"}],"predecessor-version":[{"id":958,"href":"https:\/\/4acinq.fr\/index.php\/wp-json\/wp\/v2\/pages\/289\/revisions\/958"}],"wp:attachment":[{"href":"https:\/\/4acinq.fr\/index.php\/wp-json\/wp\/v2\/media?parent=289"}],"curies":[{"name":"wp","href":"https:\/\/api.w.org\/{rel}","templated":true}]}}