{"id":7,"date":"2016-01-26T21:02:33","date_gmt":"2016-01-26T20:02:33","guid":{"rendered":"http:\/\/4acinq.fr\/?page_id=7"},"modified":"2026-02-16T18:35:45","modified_gmt":"2026-02-16T17:35:45","slug":"accueil","status":"publish","type":"page","link":"https:\/\/4acinq.fr\/","title":{"rendered":"Accueil"},"content":{"rendered":"<div id=\"pl-7\"  class=\"panel-layout\" ><div id=\"pg-7-0\"  class=\"panel-grid panel-has-style\" ><div class=\"siteorigin-panels-stretch panel-row-style panel-row-style-for-7-0\" data-stretch-type=\"full\" ><div id=\"pgc-7-0-0\"  class=\"panel-grid-cell\" ><div id=\"panel-7-0-0-0\" class=\"so-panel widget widget_black-studio-tinymce widget_black_studio_tinymce panel-first-child panel-last-child\" data-index=\"0\" ><div class=\"textwidget\"><p style=\"text-align: right;\"><span class=\"\" style=\"display:block;clear:both;height: 0px;padding-top: 550px;background-repeat:repeat;\"><\/span><br \/>\n<a class=\"button primary-button\" href=\"\/index.php\/boutique\">Passer commande<\/a><\/p>\n<pre><\/pre>\n<\/div><\/div><\/div><\/div><\/div><div id=\"pg-7-1\"  class=\"panel-grid panel-has-style\" ><div class=\"siteorigin-panels-stretch panel-row-style panel-row-style-for-7-1\" data-stretch-type=\"full\" ><div id=\"pgc-7-1-0\"  class=\"panel-grid-cell\" ><div id=\"panel-7-1-0-0\" class=\"so-panel widget widget_black-studio-tinymce widget_black_studio_tinymce panel-first-child panel-last-child\" data-index=\"1\" ><div class=\"textwidget\"><p style=\"text-align: center;\"><span class=\"sous-titre\">Nos engagements<\/span><\/p>\n<\/div><\/div><\/div><\/div><\/div><div id=\"pg-7-2\"  class=\"panel-grid panel-has-style\" ><div class=\"siteorigin-panels-stretch panel-row-style panel-row-style-for-7-2\" data-stretch-type=\"full\" ><div id=\"pgc-7-2-0\"  class=\"panel-grid-cell\" ><div id=\"panel-7-2-0-0\" class=\"so-panel widget widget_black-studio-tinymce widget_black_studio_tinymce panel-first-child panel-last-child\" data-index=\"2\" ><div class=\"textwidget\"><p><img loading=\"lazy\" decoding=\"async\" data-recalc-dims=\"1\" class=\"alignnone size-medium wp-image-266\" src=\"https:\/\/i0.wp.com\/4acinq.fr\/wp-content\/uploads\/2016\/01\/biscuit-sabl%C3%A9-cookies-e1459714813286-300x212.jpg?resize=300%2C225\" alt=\"biscuit sabl\u00e9 cookies\" width=\"300\" height=\"225\" \/><\/p>\n<p style=\"text-align: justify;\"><span class=\"texte-accueil\"><strong>R\u00e9duire<\/strong> au maximum <strong>les emballages<\/strong>, avec le soutien des agriculteurs en livrant leurs produits dans des emballages r\u00e9utilisables. Jusqu'aux consommateurs en d\u00e9veloppant la vente en vrac et les boites r\u00e9utilisables.<\/span><\/p>\n<\/div><\/div><\/div><div id=\"pgc-7-2-1\"  class=\"panel-grid-cell\" ><div id=\"panel-7-2-1-0\" class=\"so-panel widget widget_black-studio-tinymce widget_black_studio_tinymce panel-first-child panel-last-child\" data-index=\"3\" ><div class=\"textwidget\"><p style=\"text-align: justify;\"><img loading=\"lazy\" decoding=\"async\" data-recalc-dims=\"1\" class=\"alignnone wp-image-136 \" src=\"https:\/\/i0.wp.com\/4acinq.fr\/wp-content\/uploads\/2016\/01\/biologique.jpg?resize=300%2C225\" alt=\"\" width=\"300\" height=\"225\" \/><\/p>\n<p style=\"text-align: justify;\"> <span class=\"texte-accueil\">L'utilisation d\u2019ingr\u00e9dients cultiv\u00e9s en <strong>agriculture biologique,<\/strong> en privil\u00e9giant l\u2019approvisionnement directement \u00e0 la ferme. Et en plus, issus du <strong>commerce \u00e9quitable<\/strong> pour le chocolat et le sucre de canne qui se r\u00e9colte sous des climats plus ensoleill\u00e9s que notre Normandie.<\/span><\/p>\n<\/div><\/div><\/div><div id=\"pgc-7-2-2\"  class=\"panel-grid-cell\" ><div id=\"panel-7-2-2-0\" class=\"so-panel widget widget_black-studio-tinymce widget_black_studio_tinymce panel-first-child panel-last-child\" data-index=\"4\" ><div class=\"textwidget\"><p><img loading=\"lazy\" decoding=\"async\" data-recalc-dims=\"1\" class=\"alignnone size-medium wp-image-255\" src=\"https:\/\/i0.wp.com\/4acinq.fr\/wp-content\/uploads\/2016\/01\/fabrique-%C3%A0-biscuits.jpg?resize=300%2C225\" alt=\"fabrique \u00e0 biscuits\" width=\"300\" height=\"225\" \/><\/p>\n<p style=\"text-align: justify;\"><span class=\"texte-accueil\">Une <strong>transparence<\/strong> totale, vous retrouverez sur notre site, la fabrique \u00e0 biscuits, la provenance des ingr\u00e9dients et les ingr\u00e9dients biscuit par biscuits que vous achetez en vrac dans votre magasin.<\/span><\/p>\n<\/div><\/div><\/div><\/div><\/div><\/div>","protected":false},"excerpt":{"rendered":"<p>Passer commande Nos engagements<\/p>\n","protected":false},"author":1,"featured_media":0,"parent":0,"menu_order":0,"comment_status":"closed","ping_status":"closed","template":"full-width-page.php","meta":{"jetpack_post_was_ever_published":false,"footnotes":""},"class_list":["post-7","page","type-page","status-publish","hentry"],"jetpack_sharing_enabled":true,"jetpack_shortlink":"https:\/\/wp.me\/P7kIbl-7","_links":{"self":[{"href":"https:\/\/4acinq.fr\/index.php\/wp-json\/wp\/v2\/pages\/7","targetHints":{"allow":["GET"]}}],"collection":[{"href":"https:\/\/4acinq.fr\/index.php\/wp-json\/wp\/v2\/pages"}],"about":[{"href":"https:\/\/4acinq.fr\/index.php\/wp-json\/wp\/v2\/types\/page"}],"author":[{"embeddable":true,"href":"https:\/\/4acinq.fr\/index.php\/wp-json\/wp\/v2\/users\/1"}],"replies":[{"embeddable":true,"href":"https:\/\/4acinq.fr\/index.php\/wp-json\/wp\/v2\/comments?post=7"}],"version-history":[{"count":96,"href":"https:\/\/4acinq.fr\/index.php\/wp-json\/wp\/v2\/pages\/7\/revisions"}],"predecessor-version":[{"id":1066,"href":"https:\/\/4acinq.fr\/index.php\/wp-json\/wp\/v2\/pages\/7\/revisions\/1066"}],"wp:attachment":[{"href":"https:\/\/4acinq.fr\/index.php\/wp-json\/wp\/v2\/media?parent=7"}],"curies":[{"name":"wp","href":"https:\/\/api.w.org\/{rel}","templated":true}]}}