{"id":9,"date":"2016-01-26T21:03:14","date_gmt":"2016-01-26T20:03:14","guid":{"rendered":"http:\/\/4acinq.fr\/?page_id=9"},"modified":"2026-03-30T17:45:15","modified_gmt":"2026-03-30T16:45:15","slug":"presentation","status":"publish","type":"page","link":"https:\/\/4acinq.fr\/index.php\/presentation\/","title":{"rendered":"Pr\u00e9sentation"},"content":{"rendered":"<div id=\"pl-9\"  class=\"panel-layout\" ><div id=\"pg-9-0\"  class=\"panel-grid panel-has-style\" ><div class=\"siteorigin-panels-stretch panel-row-style panel-row-style-for-9-0\" data-stretch-type=\"full\" ><div id=\"pgc-9-0-0\"  class=\"panel-grid-cell\" ><div id=\"panel-9-0-0-0\" class=\"so-panel widget widget_black-studio-tinymce widget_black_studio_tinymce panel-first-child panel-last-child\" data-index=\"0\" ><div class=\"textwidget\"><p><span class=\"titre-bandeau\">Une petite pr\u00e9sentation s'impose.<\/span><\/p>\n<\/div><\/div><\/div><\/div><\/div><div id=\"pg-9-1\"  class=\"panel-grid panel-has-style\" ><div class=\"siteorigin-panels-stretch panel-row-style panel-row-style-for-9-1\" data-stretch-type=\"full\" ><div id=\"pgc-9-1-0\"  class=\"panel-grid-cell\" ><div id=\"panel-9-1-0-0\" class=\"so-panel widget widget_black-studio-tinymce widget_black_studio_tinymce panel-first-child panel-last-child\" data-index=\"1\" ><div class=\"textwidget\"><p><img loading=\"lazy\" decoding=\"async\" data-recalc-dims=\"1\" class=\"wp-image-131 size-medium\" src=\"https:\/\/i0.wp.com\/4acinq.fr\/wp-content\/uploads\/2016\/01\/3.jpg?resize=340%2C600\" alt=\"\" width=\"340\" height=\"600\" \/><\/p>\n<p><span class=\"\" style=\"display:block;clear:both;height: 0px;padding-top: 50px;background-repeat:repeat;\"><\/span><\/p>\n<\/div><\/div><\/div><div id=\"pgc-9-1-1\"  class=\"panel-grid-cell\" ><div id=\"panel-9-1-1-0\" class=\"so-panel widget widget_black-studio-tinymce widget_black_studio_tinymce panel-first-child panel-last-child\" data-index=\"2\" ><div class=\"textwidget\"><p style=\"text-align: center;\"><span class=\"texte-accueil\"><span class=\"\" style=\"display:block;clear:both;height: 0px;padding-top: 20px;background-repeat:repeat;\"><\/span><\/span><\/p>\n<p style=\"text-align: justify;\"><span class=\"texte-accueil\">Salut !<\/span><\/p>\n<p style=\"text-align: justify;\"><span class=\"texte-accueil\"> Moi c'est Nicolas, boulanger-p\u00e2tissier depuis maintenant plus de 20 ans, dans diff\u00e9rents \u00e9tablissements mais toujours fid\u00e8le \u00e0 ma r\u00e9gion natale du sud-Manche. Depuis tout petit proche de la nature, fils et petit-fils d'agriculteurs, j'ai l'amour des bons produits et encore plus lorsqu\u2019ils sont faits par des agriculteurs de notre r\u00e9gion. C'est pour cela que j'ai d\u00e9cid\u00e9 de me lancer dans cette nouvelle aventure pour pouvoir proposer \u00e0 mes clients de bons biscuits et chocolats faits avec les meilleurs produits d'ici et d\u2019ailleurs. Et cerise sur le biscuit (!), le tout uniquement avec des ingr\u00e9dients issus de l'agriculture biologique, car c'est le meilleur moyen, de pr\u00e9server notre magnifique nature. <\/span><\/p>\n<p style=\"text-align: center;\"><span class=\"\" style=\"display:block;clear:both;height: 0px;padding-top: 20px;background-repeat:repeat;\"><\/span><\/p>\n<\/div><\/div><\/div><\/div><\/div><\/div>","protected":false},"excerpt":{"rendered":"<p>Une petite pr\u00e9sentation s&rsquo;impose. Salut ! Moi c&rsquo;est Nicolas, boulanger-p\u00e2tissier depuis maintenant plus de 20 ans, dans diff\u00e9rents \u00e9tablissements mais toujours fid\u00e8le \u00e0 ma r\u00e9gion natale du sud-Manche. Depuis tout petit proche de la nature, fils et petit-fils d&rsquo;agriculteurs, j&rsquo;ai l&rsquo;amour des bons produits et encore plus lorsqu\u2019ils sont faits par des agriculteurs de notre <a class=\"moretag\" href=\"https:\/\/4acinq.fr\/index.php\/presentation\/\">Read More &#8230;<\/a><\/p>\n","protected":false},"author":1,"featured_media":0,"parent":0,"menu_order":0,"comment_status":"closed","ping_status":"closed","template":"full-width-page.php","meta":{"jetpack_post_was_ever_published":false,"footnotes":""},"class_list":["post-9","page","type-page","status-publish","hentry"],"jetpack_sharing_enabled":true,"jetpack_shortlink":"https:\/\/wp.me\/P7kIbl-9","_links":{"self":[{"href":"https:\/\/4acinq.fr\/index.php\/wp-json\/wp\/v2\/pages\/9","targetHints":{"allow":["GET"]}}],"collection":[{"href":"https:\/\/4acinq.fr\/index.php\/wp-json\/wp\/v2\/pages"}],"about":[{"href":"https:\/\/4acinq.fr\/index.php\/wp-json\/wp\/v2\/types\/page"}],"author":[{"embeddable":true,"href":"https:\/\/4acinq.fr\/index.php\/wp-json\/wp\/v2\/users\/1"}],"replies":[{"embeddable":true,"href":"https:\/\/4acinq.fr\/index.php\/wp-json\/wp\/v2\/comments?post=9"}],"version-history":[{"count":24,"href":"https:\/\/4acinq.fr\/index.php\/wp-json\/wp\/v2\/pages\/9\/revisions"}],"predecessor-version":[{"id":1083,"href":"https:\/\/4acinq.fr\/index.php\/wp-json\/wp\/v2\/pages\/9\/revisions\/1083"}],"wp:attachment":[{"href":"https:\/\/4acinq.fr\/index.php\/wp-json\/wp\/v2\/media?parent=9"}],"curies":[{"name":"wp","href":"https:\/\/api.w.org\/{rel}","templated":true}]}}