{"id":981,"date":"2025-12-30T21:15:33","date_gmt":"2025-12-30T20:15:33","guid":{"rendered":"https:\/\/4acinq.fr\/index.php\/boutique\/"},"modified":"2026-01-02T18:52:37","modified_gmt":"2026-01-02T17:52:37","slug":"boutique","status":"publish","type":"page","link":"https:\/\/4acinq.fr\/index.php\/boutique\/","title":{"rendered":""},"content":{"rendered":"<div id=\"pl-981\"  class=\"panel-layout\" ><div id=\"pg-981-0\"  class=\"panel-grid panel-has-style\" ><div class=\"siteorigin-panels-stretch panel-row-style panel-row-style-for-981-0\" data-stretch-type=\"full\" ><div id=\"pgc-981-0-0\"  class=\"panel-grid-cell\" ><div id=\"panel-981-0-0-0\" class=\"so-panel widget widget_sow-editor panel-first-child panel-last-child\" data-index=\"0\" ><div\n\t\t\t\n\t\t\tclass=\"so-widget-sow-editor so-widget-sow-editor-base\"\n\t\t\t\n\t\t>\n<div class=\"siteorigin-widget-tinymce textwidget\">\n\t<p><span class=\"titre-bandeau\">Commande et retrait \u00e0 l'atelier<br \/>\n<\/span><\/p>\n<\/div>\n<\/div><\/div><\/div><\/div><\/div><div id=\"pg-981-1\"  class=\"panel-grid panel-has-style\" ><div class=\"siteorigin-panels-stretch panel-row-style panel-row-style-for-981-1\" data-stretch-type=\"full\" ><div id=\"pgc-981-1-0\"  class=\"panel-grid-cell\" ><div id=\"panel-981-1-0-0\" class=\"so-panel widget widget_sow-editor panel-first-child panel-last-child\" data-index=\"1\" ><div\n\t\t\t\n\t\t\tclass=\"so-widget-sow-editor so-widget-sow-editor-base\"\n\t\t\t\n\t\t>\n<div class=\"siteorigin-widget-tinymce textwidget\">\n\t<p style=\"text-align: center;\">Les commandes peuvent \u00eatre pass\u00e9es\u00a0 sur cette page et retir\u00e9es \u00e0 l'atelier<\/p>\n<p style=\"text-align: center;\">Lors de la validation de votre commande, vous devrez s\u00e9lectionner un jour et une heure de retrait.<\/p>\n<\/div>\n<\/div><\/div><\/div><\/div><\/div><\/div>","protected":false},"excerpt":{"rendered":"<p>Commande et retrait \u00e0 l&rsquo;atelier Les commandes peuvent \u00eatre pass\u00e9es\u00a0 sur cette page et retir\u00e9es \u00e0 l&rsquo;atelier Lors de la validation de votre commande, vous devrez s\u00e9lectionner un jour et une heure de retrait.<\/p>\n","protected":false},"author":1,"featured_media":0,"parent":0,"menu_order":0,"comment_status":"closed","ping_status":"closed","template":"","meta":{"jetpack_post_was_ever_published":false,"footnotes":""},"class_list":["post-981","page","type-page","status-publish","hentry"],"jetpack_sharing_enabled":true,"jetpack_shortlink":"https:\/\/wp.me\/P7kIbl-fP","_links":{"self":[{"href":"https:\/\/4acinq.fr\/index.php\/wp-json\/wp\/v2\/pages\/981","targetHints":{"allow":["GET"]}}],"collection":[{"href":"https:\/\/4acinq.fr\/index.php\/wp-json\/wp\/v2\/pages"}],"about":[{"href":"https:\/\/4acinq.fr\/index.php\/wp-json\/wp\/v2\/types\/page"}],"author":[{"embeddable":true,"href":"https:\/\/4acinq.fr\/index.php\/wp-json\/wp\/v2\/users\/1"}],"replies":[{"embeddable":true,"href":"https:\/\/4acinq.fr\/index.php\/wp-json\/wp\/v2\/comments?post=981"}],"version-history":[{"count":6,"href":"https:\/\/4acinq.fr\/index.php\/wp-json\/wp\/v2\/pages\/981\/revisions"}],"predecessor-version":[{"id":1050,"href":"https:\/\/4acinq.fr\/index.php\/wp-json\/wp\/v2\/pages\/981\/revisions\/1050"}],"wp:attachment":[{"href":"https:\/\/4acinq.fr\/index.php\/wp-json\/wp\/v2\/media?parent=981"}],"curies":[{"name":"wp","href":"https:\/\/api.w.org\/{rel}","templated":true}]}}