{"id":1047,"date":"2026-01-02T15:37:45","date_gmt":"2026-01-02T14:37:45","guid":{"rendered":"https:\/\/4acinq.fr\/?post_type=product&#038;p=1047"},"modified":"2026-01-02T15:37:45","modified_gmt":"2026-01-02T14:37:45","slug":"choco-equitable","status":"publish","type":"product","link":"https:\/\/4acinq.fr\/index.php\/produit\/choco-equitable\/","title":{"rendered":"Choco-\u00e9quitable"},"content":{"rendered":"","protected":false},"excerpt":{"rendered":"<div id=\"pgc-289-3-1\" class=\"panel-grid-cell\">\n<div id=\"panel-289-3-1-0\" class=\"so-panel widget widget_black-studio-tinymce widget_black_studio_tinymce panel-first-child panel-last-child\" data-index=\"6\">\n<div class=\"textwidget\">\n<p><span class=\"texte-accueil\">Choco-\u00e9quitable :<\/span><br \/>\n<span class=\"texte-accueil\">Chocolat au lait* 34% cacao min. (sucre de canne*, beurre de cacao*,<strong> lait entier <\/strong>en poudre*, p\u00e2te de cacao*, l\u00e9cithines de tourneol*, extrait de vanille*)farine de<strong> bl\u00e9<\/strong>*, <strong>beurre*<\/strong>, sucre blond*, <strong>\u0153uf*<\/strong>, <strong>noisette<\/strong>* sel, bicarbonate de soude.<\/span><\/p>\n<p>*ingr\u00e9dient issu de l&rsquo;agriculture\u00a0 biologique<\/p>\n<p>Certifi\u00e9 bio par ecocert fr-bio-01<\/p>\n<p>Prix \u00e0 la pi\u00e8ce<\/p>\n<\/div>\n<\/div>\n<\/div>\n","protected":false},"featured_media":332,"comment_status":"open","ping_status":"closed","template":"","meta":{"jetpack_post_was_ever_published":false,"jetpack_publicize_message":"","jetpack_publicize_feature_enabled":true,"jetpack_social_post_already_shared":true,"jetpack_social_options":{"image_generator_settings":{"template":"highway","default_image_id":0,"font":"","enabled":false},"version":2}},"product_brand":[],"product_cat":[20],"product_tag":[],"class_list":{"0":"post-1047","1":"product","2":"type-product","3":"status-publish","4":"has-post-thumbnail","6":"product_cat-biscuits","8":"first","9":"instock","10":"purchasable","11":"product-type-simple"},"jetpack_publicize_connections":[],"jetpack_sharing_enabled":true,"_links":{"self":[{"href":"https:\/\/4acinq.fr\/index.php\/wp-json\/wp\/v2\/product\/1047","targetHints":{"allow":["GET"]}}],"collection":[{"href":"https:\/\/4acinq.fr\/index.php\/wp-json\/wp\/v2\/product"}],"about":[{"href":"https:\/\/4acinq.fr\/index.php\/wp-json\/wp\/v2\/types\/product"}],"replies":[{"embeddable":true,"href":"https:\/\/4acinq.fr\/index.php\/wp-json\/wp\/v2\/comments?post=1047"}],"wp:featuredmedia":[{"embeddable":true,"href":"https:\/\/4acinq.fr\/index.php\/wp-json\/wp\/v2\/media\/332"}],"wp:attachment":[{"href":"https:\/\/4acinq.fr\/index.php\/wp-json\/wp\/v2\/media?parent=1047"}],"wp:term":[{"taxonomy":"product_brand","embeddable":true,"href":"https:\/\/4acinq.fr\/index.php\/wp-json\/wp\/v2\/product_brand?post=1047"},{"taxonomy":"product_cat","embeddable":true,"href":"https:\/\/4acinq.fr\/index.php\/wp-json\/wp\/v2\/product_cat?post=1047"},{"taxonomy":"product_tag","embeddable":true,"href":"https:\/\/4acinq.fr\/index.php\/wp-json\/wp\/v2\/product_tag?post=1047"}],"curies":[{"name":"wp","href":"https:\/\/api.w.org\/{rel}","templated":true}]}}